{"id":29,"date":"2015-12-29T23:51:45","date_gmt":"2015-12-29T23:51:45","guid":{"rendered":"http:\/\/smocza-kraina.pl\/?page_id=29"},"modified":"2026-03-22T12:35:21","modified_gmt":"2026-03-22T12:35:21","slug":"kontakt","status":"publish","type":"page","link":"https:\/\/smocza-kraina.pl\/?page_id=29","title":{"rendered":"Kontakt"},"content":{"rendered":"<p style=\"text-align: center;\"><span class=\"ff2 fc2 fs14 \">Sala Zabaw &#8222;Smocza Kraina&#8221;<br \/>\n\u0141\u00f3d\u017a, ul. Marato\u0144ska 94<br \/>\nTel. do Sali: <strong>504-199-666<\/strong><\/span><span class=\"ff2 fc2 fs14 \"><br \/>\nTel. kom\u00f3rkowy: <\/span><strong><span class=\"ff2 fc2 fs14 fb \">508-655-455<\/span> <\/strong><\/p>\n<p style=\"text-align: center;\"><strong>Godziny otwarcia:<\/strong><\/p>\n<div class=\"kvgmc6g5 cxmmr5t8 oygrvhab hcukyx3x c1et5uql ii04i59q\">\n<div dir=\"auto\" style=\"text-align: center;\">Poniedzia\u0142ek &#8211; Pi\u0105tek : 14.00 &#8211; 20.00.00<br \/>\nSobota &#8211; Niedziela : 10.00 &#8211; 20.00<\/div>\n<\/div>\n<div dir=\"auto\"><\/div>\n<div class=\"o9v6fnle cxmmr5t8 oygrvhab hcukyx3x c1et5uql ii04i59q\" style=\"text-align: center;\">\n<div dir=\"auto\">*ostatnie wej\u015bcie o godzinie 19.00. W przypadku braku dzieci zamykamy Sal\u0119 o godzinie 19.00<\/div>\n<div dir=\"auto\">**Sala Zabaw otwarta r\u00f3wnie\u017c w niedziele niehandlowe.<\/div>\n<\/div>\n<div dir=\"auto\">\n<div dir=\"auto\" style=\"text-align: center;\"><\/div>\n<\/div>\n<div dir=\"auto\">\n<div dir=\"auto\"><\/div>\n<div dir=\"auto\"><\/div>\n<div dir=\"auto\"><\/div>\n<div dir=\"auto\"><\/div>\n<div dir=\"auto\"><\/div>\n<div dir=\"auto\" style=\"text-align: center;\"><strong>UWAGA!<\/strong><\/div>\n<div dir=\"auto\">\n<div class=\"kvgmc6g5 cxmmr5t8 oygrvhab hcukyx3x c1et5uql ii04i59q\">\n<div dir=\"auto\" style=\"text-align: center;\">\n<div class=\"kvgmc6g5 cxmmr5t8 oygrvhab hcukyx3x c1et5uql ii04i59q\">\n<div dir=\"auto\">Poszukujemy pe\u0142nych energii i us\u0301miechnie\u0328tych ucznio\u0301w\/studento\u0301w na stanowisko animatora , praca ma charakter dorywczy (w dni robocze po godz.16 oraz ca\u0142e weekendy).<\/div>\n<\/div>\n<div class=\"o9v6fnle cxmmr5t8 oygrvhab hcukyx3x c1et5uql ii04i59q\">\n<div dir=\"auto\"><\/div>\n<div dir=\"auto\" style=\"text-align: left;\">Zakres obowia\u0328zko\u0301w:<\/div>\n<div dir=\"auto\" style=\"text-align: left;\">&#8211; opieka nad dziec\u0301mi: malowanie twarzy, animacje, zabawa z dziec\u0301mi na konstrukcji<\/div>\n<div dir=\"auto\" style=\"text-align: left;\">&#8211; pilnowanie bezpieczen\u0301stwa i porza\u0328dku na Sali Zabaw<\/div>\n<div dir=\"auto\" style=\"text-align: left;\">&#8211; obs\u0142uga przyje\u0328c\u0301 urodzinowych (krojenie tortu, przygotowywanie salek urodzinowych itp.)<\/div>\n<div dir=\"auto\" style=\"text-align: left;\">&#8211; kontakt z klientem<\/div>\n<div dir=\"auto\" style=\"text-align: left;\">&#8211; sprza\u0328tanie Sali po kaz\u0307dym dniu pracy<\/div>\n<\/div>\n<div class=\"o9v6fnle cxmmr5t8 oygrvhab hcukyx3x c1et5uql ii04i59q\">\n<div dir=\"auto\"><\/div>\n<div dir=\"auto\" style=\"text-align: left;\">Wymagania:<\/div>\n<div dir=\"auto\" style=\"text-align: left;\">&#8211; dyspozycyjnos\u0301c\u0301,<\/div>\n<div dir=\"auto\" style=\"text-align: left;\">&#8211; umieje\u0328tnos\u0301c\u0301 pracy w grupie,<\/div>\n<div dir=\"auto\" style=\"text-align: left;\">&#8211; komunikatywnos\u0301c\u0301,<\/div>\n<div dir=\"auto\" style=\"text-align: left;\">&#8211; umiejetnos\u0301c\u0301 pracy z dziec\u0301mi,<\/div>\n<div dir=\"auto\" style=\"text-align: left;\">&#8211; zaangaz\u0307owanie w pracy,<\/div>\n<\/div>\n<div class=\"o9v6fnle cxmmr5t8 oygrvhab hcukyx3x c1et5uql ii04i59q\">\n<div dir=\"auto\"><\/div>\n<div dir=\"auto\">Aby wzia\u0328c\u0301 udzia\u0142 w rekturacji, prosimy o kontakt telefoniczny lub przes\u0142anie CV na adres mailowy: bma.atan@gmail.com<\/div>\n<\/div>\n<\/div>\n<\/div>\n<\/div>\n<\/div>\n","protected":false},"excerpt":{"rendered":"<p>Sala Zabaw &#8222;Smocza Kraina&#8221; \u0141\u00f3d\u017a, ul. Marato\u0144ska 94 Tel. do Sali: 504-199-666 Tel. kom\u00f3rkowy: 508-655-455 Godziny otwarcia: Poniedzia\u0142ek &#8211; Pi\u0105tek : 14.00 &#8211; 20.00.00 Sobota &#8211; Niedziela : 10.00 &#8211; 20.00 *ostatnie wej\u015bcie o godzinie[&#8230;]<\/p>\n","protected":false},"author":1,"featured_media":0,"parent":0,"menu_order":0,"comment_status":"closed","ping_status":"closed","template":"","meta":{"footnotes":""},"class_list":["post-29","page","type-page","status-publish","hentry"],"aioseo_notices":[],"_links":{"self":[{"href":"https:\/\/smocza-kraina.pl\/index.php?rest_route=\/wp\/v2\/pages\/29","targetHints":{"allow":["GET"]}}],"collection":[{"href":"https:\/\/smocza-kraina.pl\/index.php?rest_route=\/wp\/v2\/pages"}],"about":[{"href":"https:\/\/smocza-kraina.pl\/index.php?rest_route=\/wp\/v2\/types\/page"}],"author":[{"embeddable":true,"href":"https:\/\/smocza-kraina.pl\/index.php?rest_route=\/wp\/v2\/users\/1"}],"replies":[{"embeddable":true,"href":"https:\/\/smocza-kraina.pl\/index.php?rest_route=%2Fwp%2Fv2%2Fcomments&post=29"}],"version-history":[{"count":23,"href":"https:\/\/smocza-kraina.pl\/index.php?rest_route=\/wp\/v2\/pages\/29\/revisions"}],"predecessor-version":[{"id":606,"href":"https:\/\/smocza-kraina.pl\/index.php?rest_route=\/wp\/v2\/pages\/29\/revisions\/606"}],"wp:attachment":[{"href":"https:\/\/smocza-kraina.pl\/index.php?rest_route=%2Fwp%2Fv2%2Fmedia&parent=29"}],"curies":[{"name":"wp","href":"https:\/\/api.w.org\/{rel}","templated":true}]}}