{"id":249,"date":"2018-10-16T16:03:17","date_gmt":"2018-10-16T16:03:17","guid":{"rendered":"http:\/\/smocza-kraina.pl\/?page_id=249"},"modified":"2025-08-26T12:03:51","modified_gmt":"2025-08-26T12:03:51","slug":"torty","status":"publish","type":"page","link":"https:\/\/smocza-kraina.pl\/?page_id=249","title":{"rendered":"Torty"},"content":{"rendered":"<p lang=\"pl-PL\" align=\"center\"><span style=\"font-family: Times New Roman, serif;\"><span style=\"font-size: large;\">Torty robimy na miejscu, z najlepszych sk\u0142adnik\u00f3w:<br \/>\nprawdziwej \u015bmietanki z okolicznych mleczarni, przez ca\u0142y rok ze \u015bwie\u017cymi owocami, a nasze biszkopty to po prostu \u015bwie\u017ce jaja i m\u0105ka.<\/span><\/span><\/p>\n<p lang=\"pl-PL\" align=\"center\"><span style=\"font-family: Times New Roman, serif;\"><span style=\"font-size: large;\">Smak naszych wyrob\u00f3w jest niepowtarzalny, torty nie s\u0105 zbyt s\u0142odkie ani suche.<br \/>\nMas\u0119 cukrow\u0105 produkujemy sami, wi\u0119c jest wolna od dodatk\u00f3w chemicznych, poza tym zawsze ograniczamy j\u0105 do niezb\u0119dnego minimum,<br \/>\naby g\u0142\u00f3wnym sk\u0142adnikiem ciasta by\u0142o jego wn\u0119trze!<\/span><\/span><\/p>\n<header class=\"entry-header\">\n<h1><\/h1>\n<h1><\/h1>\n<h1 class=\"entry-title\" style=\"text-align: center;\">Cennik<\/h1>\n<\/header>\n<div class=\"entry-content\">\n<p style=\"text-align: center;\">Wszystkie nasze torty robione s\u0105 r\u0119cznie, z u\u017cyciem najwy\u017cszej jako\u015bci naturalnych sk\u0142adnik\u00f3w.<br \/>\nZ tego wzgl\u0119du torty mog\u0105 si\u0119 od siebie minimalnie r\u00f3\u017cni\u0107 pod wzgl\u0119dem koloru i kszta\u0142tu.<\/p>\n<p style=\"text-align: center;\"><strong>Cennik:<\/strong><\/p>\n<p><strong>Torty klasyczne:<\/strong><\/p>\n<p>\u015amietanowy z \u015bwie\u017cymi owocami: 90z\u0142\/kg<br \/>\nBezowo-lodowy: 90z\u0142\/kg<\/p>\n<p><strong>Torty dla alergik\u00f3w<\/strong><br \/>\nPrzygotowujemy r\u00f3wnie\u017c torty dla alergik\u00f3w (celiakia, fenyloketonuria, insulinooporno\u015b\u0107,&#8230;): cena ustalana indywidualnie<\/p>\n<p>&nbsp;<\/p>\n<p style=\"text-align: center;\">Opr\u00f3cz tort\u00f3w dost\u0119pnych w standardowej ofercie jeste\u015bmy w stanie wykona\u0107 ka\u017cdy tort po wcze\u015bniejszych indywidualnych ustaleniach.<br \/>\nWaga ka\u017cdego tortu mo\u017ce si\u0119 r\u00f3\u017cni\u0107 od zam\u00f3wionego o\u00a0\u00b1 15%.<\/p>\n<\/div>\n<div class=\"entry-content\">\n<p style=\"text-align: center;\">\n<\/div>\n<p>&nbsp;<\/p>\n<p>&nbsp;<\/p>\n<header class=\"entry-header\"><\/header>\n<div class=\"entry-content\">\n<header class=\"entry-header\">\n<h1 class=\"entry-title\" style=\"text-align: center;\">Galeria<\/h1>\n<\/header>\n<div class=\"entry-content\">\n<p style=\"text-align: center;\">Nasze przyk\u0142adowe prace:<\/p>\n<div id='gallery-1' class='gallery galleryid-249 gallery-columns-2 gallery-size-medium'><figure class='gallery-item'>\n\t\t\t<div class='gallery-icon landscape'>\n\t\t\t\t<a href='https:\/\/smocza-kraina.pl\/?attachment_id=277'><img loading=\"lazy\" decoding=\"async\" width=\"300\" height=\"300\" src=\"https:\/\/smocza-kraina.pl\/wp-content\/uploads\/2018\/10\/zdjecie1-300x300.jpg\" class=\"attachment-medium size-medium\" alt=\"\" srcset=\"https:\/\/smocza-kraina.pl\/wp-content\/uploads\/2018\/10\/zdjecie1-300x300.jpg 300w, https:\/\/smocza-kraina.pl\/wp-content\/uploads\/2018\/10\/zdjecie1-150x150.jpg 150w, https:\/\/smocza-kraina.pl\/wp-content\/uploads\/2018\/10\/zdjecie1-768x768.jpg 768w, https:\/\/smocza-kraina.pl\/wp-content\/uploads\/2018\/10\/zdjecie1-1024x1024.jpg 1024w, https:\/\/smocza-kraina.pl\/wp-content\/uploads\/2018\/10\/zdjecie1-370x370.jpg 370w, https:\/\/smocza-kraina.pl\/wp-content\/uploads\/2018\/10\/zdjecie1-1040x1040.jpg 1040w\" sizes=\"auto, (max-width: 300px) 100vw, 300px\" \/><\/a>\n\t\t\t<\/div><\/figure><figure class='gallery-item'>\n\t\t\t<div class='gallery-icon portrait'>\n\t\t\t\t<a href='https:\/\/smocza-kraina.pl\/?attachment_id=278'><img loading=\"lazy\" decoding=\"async\" width=\"271\" height=\"300\" src=\"https:\/\/smocza-kraina.pl\/wp-content\/uploads\/2018\/10\/zdjecie3-271x300.jpg\" class=\"attachment-medium size-medium\" alt=\"\" srcset=\"https:\/\/smocza-kraina.pl\/wp-content\/uploads\/2018\/10\/zdjecie3-271x300.jpg 271w, https:\/\/smocza-kraina.pl\/wp-content\/uploads\/2018\/10\/zdjecie3-370x410.jpg 370w, https:\/\/smocza-kraina.pl\/wp-content\/uploads\/2018\/10\/zdjecie3.jpg 555w\" sizes=\"auto, (max-width: 271px) 100vw, 271px\" \/><\/a>\n\t\t\t<\/div><\/figure><figure class='gallery-item'>\n\t\t\t<div class='gallery-icon portrait'>\n\t\t\t\t<a href='https:\/\/smocza-kraina.pl\/?attachment_id=282'><img loading=\"lazy\" decoding=\"async\" width=\"247\" height=\"300\" src=\"https:\/\/smocza-kraina.pl\/wp-content\/uploads\/2018\/10\/20171117-154519-247x300.jpg\" class=\"attachment-medium size-medium\" alt=\"\" srcset=\"https:\/\/smocza-kraina.pl\/wp-content\/uploads\/2018\/10\/20171117-154519-247x300.jpg 247w, https:\/\/smocza-kraina.pl\/wp-content\/uploads\/2018\/10\/20171117-154519-768x934.jpg 768w, https:\/\/smocza-kraina.pl\/wp-content\/uploads\/2018\/10\/20171117-154519-842x1024.jpg 842w, https:\/\/smocza-kraina.pl\/wp-content\/uploads\/2018\/10\/20171117-154519-370x450.jpg 370w, https:\/\/smocza-kraina.pl\/wp-content\/uploads\/2018\/10\/20171117-154519-1040x1265.jpg 1040w\" sizes=\"auto, (max-width: 247px) 100vw, 247px\" \/><\/a>\n\t\t\t<\/div><\/figure><figure class='gallery-item'>\n\t\t\t<div class='gallery-icon landscape'>\n\t\t\t\t<a href='https:\/\/smocza-kraina.pl\/?attachment_id=383'><img loading=\"lazy\" decoding=\"async\" width=\"300\" height=\"300\" src=\"https:\/\/smocza-kraina.pl\/wp-content\/uploads\/2019\/02\/tort6-300x300.jpg\" class=\"attachment-medium size-medium\" alt=\"\" srcset=\"https:\/\/smocza-kraina.pl\/wp-content\/uploads\/2019\/02\/tort6-300x300.jpg 300w, https:\/\/smocza-kraina.pl\/wp-content\/uploads\/2019\/02\/tort6-150x150.jpg 150w, https:\/\/smocza-kraina.pl\/wp-content\/uploads\/2019\/02\/tort6-768x768.jpg 768w, https:\/\/smocza-kraina.pl\/wp-content\/uploads\/2019\/02\/tort6-370x370.jpg 370w, https:\/\/smocza-kraina.pl\/wp-content\/uploads\/2019\/02\/tort6.jpg 969w\" sizes=\"auto, (max-width: 300px) 100vw, 300px\" \/><\/a>\n\t\t\t<\/div><\/figure><figure class='gallery-item'>\n\t\t\t<div class='gallery-icon landscape'>\n\t\t\t\t<a href='https:\/\/smocza-kraina.pl\/?attachment_id=379'><img loading=\"lazy\" decoding=\"async\" width=\"300\" height=\"300\" src=\"https:\/\/smocza-kraina.pl\/wp-content\/uploads\/2019\/02\/tort3-300x300.jpg\" class=\"attachment-medium size-medium\" alt=\"\" srcset=\"https:\/\/smocza-kraina.pl\/wp-content\/uploads\/2019\/02\/tort3-300x300.jpg 300w, https:\/\/smocza-kraina.pl\/wp-content\/uploads\/2019\/02\/tort3-150x150.jpg 150w, https:\/\/smocza-kraina.pl\/wp-content\/uploads\/2019\/02\/tort3-768x768.jpg 768w, https:\/\/smocza-kraina.pl\/wp-content\/uploads\/2019\/02\/tort3-370x370.jpg 370w, https:\/\/smocza-kraina.pl\/wp-content\/uploads\/2019\/02\/tort3.jpg 969w\" sizes=\"auto, (max-width: 300px) 100vw, 300px\" \/><\/a>\n\t\t\t<\/div><\/figure><figure class='gallery-item'>\n\t\t\t<div class='gallery-icon portrait'>\n\t\t\t\t<a href='https:\/\/smocza-kraina.pl\/?attachment_id=384'><img loading=\"lazy\" decoding=\"async\" width=\"225\" height=\"300\" src=\"https:\/\/smocza-kraina.pl\/wp-content\/uploads\/2019\/02\/tort5-225x300.jpg\" class=\"attachment-medium size-medium\" alt=\"\" srcset=\"https:\/\/smocza-kraina.pl\/wp-content\/uploads\/2019\/02\/tort5-225x300.jpg 225w, https:\/\/smocza-kraina.pl\/wp-content\/uploads\/2019\/02\/tort5-370x493.jpg 370w, https:\/\/smocza-kraina.pl\/wp-content\/uploads\/2019\/02\/tort5.jpg 727w\" sizes=\"auto, (max-width: 225px) 100vw, 225px\" \/><\/a>\n\t\t\t<\/div><\/figure><figure class='gallery-item'>\n\t\t\t<div class='gallery-icon portrait'>\n\t\t\t\t<a href='https:\/\/smocza-kraina.pl\/?attachment_id=414'><img loading=\"lazy\" decoding=\"async\" width=\"225\" height=\"300\" src=\"https:\/\/smocza-kraina.pl\/wp-content\/uploads\/2019\/05\/IMG-2376-225x300.jpg\" class=\"attachment-medium size-medium\" alt=\"\" srcset=\"https:\/\/smocza-kraina.pl\/wp-content\/uploads\/2019\/05\/IMG-2376-225x300.jpg 225w, https:\/\/smocza-kraina.pl\/wp-content\/uploads\/2019\/05\/IMG-2376-768x1024.jpg 768w, https:\/\/smocza-kraina.pl\/wp-content\/uploads\/2019\/05\/IMG-2376-370x493.jpg 370w, https:\/\/smocza-kraina.pl\/wp-content\/uploads\/2019\/05\/IMG-2376-1040x1387.jpg 1040w\" sizes=\"auto, (max-width: 225px) 100vw, 225px\" \/><\/a>\n\t\t\t<\/div><\/figure><figure class='gallery-item'>\n\t\t\t<div class='gallery-icon portrait'>\n\t\t\t\t<a href='https:\/\/smocza-kraina.pl\/?attachment_id=415'><img loading=\"lazy\" decoding=\"async\" width=\"225\" height=\"300\" src=\"https:\/\/smocza-kraina.pl\/wp-content\/uploads\/2019\/05\/IMG-2380-225x300.jpg\" class=\"attachment-medium size-medium\" alt=\"\" srcset=\"https:\/\/smocza-kraina.pl\/wp-content\/uploads\/2019\/05\/IMG-2380-225x300.jpg 225w, https:\/\/smocza-kraina.pl\/wp-content\/uploads\/2019\/05\/IMG-2380-768x1024.jpg 768w, https:\/\/smocza-kraina.pl\/wp-content\/uploads\/2019\/05\/IMG-2380-370x493.jpg 370w, https:\/\/smocza-kraina.pl\/wp-content\/uploads\/2019\/05\/IMG-2380-1040x1387.jpg 1040w\" sizes=\"auto, (max-width: 225px) 100vw, 225px\" \/><\/a>\n\t\t\t<\/div><\/figure><figure class='gallery-item'>\n\t\t\t<div class='gallery-icon portrait'>\n\t\t\t\t<a href='https:\/\/smocza-kraina.pl\/?attachment_id=421'><img loading=\"lazy\" decoding=\"async\" width=\"225\" height=\"300\" src=\"https:\/\/smocza-kraina.pl\/wp-content\/uploads\/2019\/05\/IMG-2372-225x300.jpg\" class=\"attachment-medium size-medium\" alt=\"\" srcset=\"https:\/\/smocza-kraina.pl\/wp-content\/uploads\/2019\/05\/IMG-2372-225x300.jpg 225w, https:\/\/smocza-kraina.pl\/wp-content\/uploads\/2019\/05\/IMG-2372-768x1024.jpg 768w, https:\/\/smocza-kraina.pl\/wp-content\/uploads\/2019\/05\/IMG-2372-370x493.jpg 370w, https:\/\/smocza-kraina.pl\/wp-content\/uploads\/2019\/05\/IMG-2372-1040x1387.jpg 1040w\" sizes=\"auto, (max-width: 225px) 100vw, 225px\" \/><\/a>\n\t\t\t<\/div><\/figure>\n\t\t<\/div>\n\n<\/div>\n<\/div>\n","protected":false},"excerpt":{"rendered":"<p>Torty robimy na miejscu, z najlepszych sk\u0142adnik\u00f3w: prawdziwej \u015bmietanki z okolicznych mleczarni, przez ca\u0142y rok ze \u015bwie\u017cymi owocami, a nasze biszkopty to po prostu \u015bwie\u017ce jaja i m\u0105ka. Smak naszych wyrob\u00f3w jest niepowtarzalny, torty nie[&#8230;]<\/p>\n","protected":false},"author":1,"featured_media":0,"parent":0,"menu_order":0,"comment_status":"closed","ping_status":"closed","template":"","meta":{"footnotes":""},"class_list":["post-249","page","type-page","status-publish","hentry"],"aioseo_notices":[],"_links":{"self":[{"href":"https:\/\/smocza-kraina.pl\/index.php?rest_route=\/wp\/v2\/pages\/249","targetHints":{"allow":["GET"]}}],"collection":[{"href":"https:\/\/smocza-kraina.pl\/index.php?rest_route=\/wp\/v2\/pages"}],"about":[{"href":"https:\/\/smocza-kraina.pl\/index.php?rest_route=\/wp\/v2\/types\/page"}],"author":[{"embeddable":true,"href":"https:\/\/smocza-kraina.pl\/index.php?rest_route=\/wp\/v2\/users\/1"}],"replies":[{"embeddable":true,"href":"https:\/\/smocza-kraina.pl\/index.php?rest_route=%2Fwp%2Fv2%2Fcomments&post=249"}],"version-history":[{"count":13,"href":"https:\/\/smocza-kraina.pl\/index.php?rest_route=\/wp\/v2\/pages\/249\/revisions"}],"predecessor-version":[{"id":597,"href":"https:\/\/smocza-kraina.pl\/index.php?rest_route=\/wp\/v2\/pages\/249\/revisions\/597"}],"wp:attachment":[{"href":"https:\/\/smocza-kraina.pl\/index.php?rest_route=%2Fwp%2Fv2%2Fmedia&parent=249"}],"curies":[{"name":"wp","href":"https:\/\/api.w.org\/{rel}","templated":true}]}}