{"id":246,"date":"2018-10-16T16:00:19","date_gmt":"2018-10-16T16:00:19","guid":{"rendered":"http:\/\/smocza-kraina.pl\/?page_id=246"},"modified":"2025-08-26T12:02:48","modified_gmt":"2025-08-26T12:02:48","slug":"nalesnikarnia","status":"publish","type":"page","link":"https:\/\/smocza-kraina.pl\/?page_id=246","title":{"rendered":"Nale\u015bnikarnia"},"content":{"rendered":"<p lang=\"pl-PL\" align=\"center\"><span style=\"font-family: Times New Roman, serif;\"><span style=\"font-size: large;\">Zapraszamy codziennie na pyszne i \u015bwie\u017ce nale\u015bniki!<\/span><\/span><\/p>\n<p lang=\"pl-PL\" align=\"center\"><span style=\"font-family: Times New Roman, serif;\"><span style=\"font-size: large;\">W naszym menu ka\u017cdy znajdzie co\u015b dla siebie, proponujemy nie tylko nale\u015bniki s\u0142odkie, ale te\u017c wytrawne w r\u00f3\u017cnych ods\u0142onach.<br \/>\nNa obiad do nas mo\u017cna oczywi\u015bcie przyj\u015b\u0107 z dzie\u0107mi i zje\u015b\u0107 przy stolikach w cz\u0119\u015bci zabawowej, maj\u0105c pociechy na oku lub poza sal\u0105 zabaw w oddzielnej cz\u0119\u015bci nale\u015bnikarni.<br \/>\nOrganizujemy r\u00f3wnie\u017c przyj\u0119cia okoliczno\u015bciowe.<br \/>\n<\/span><\/span><span style=\"font-family: Times New Roman, serif;\"><span style=\"font-size: medium;\">(np. urodziny, komunie, chrzciny)<\/span><\/span><\/p>\n<header class=\"entry-header\">\n<h1><\/h1>\n<header class=\"entry-header\">\n<h1 class=\"entry-title\" style=\"text-align: center;\">Menu<\/h1>\n<\/header>\n<div class=\"entry-content\">\n<p class=\"western\" lang=\"zxx\" align=\"center\"><strong><span lang=\"pl-PL\">Nale\u015bniki s\u0142odkie<\/span><\/strong><\/p>\n<p class=\"western\" lang=\"zxx\"><span lang=\"pl-PL\">1. cukier puder <\/span><span lang=\"pl-PL\">(120g)<strong>\u00a012<\/strong><\/span><strong><span lang=\"pl-PL\">z\u0142 <\/span><\/strong><\/p>\n<p class=\"western\" lang=\"zxx\"><span lang=\"pl-PL\">2. d\u017cem: truskawkowy\/ brzoskwiniowy\/ powid\u0142a \u015bliwkowe <\/span><span lang=\"pl-PL\">(150g)<strong>\u00a016<\/strong><\/span><strong><span lang=\"pl-PL\">z\u0142<\/span><\/strong><\/p>\n<p class=\"western\" lang=\"zxx\"><span lang=\"pl-PL\">3. nutella <\/span><span lang=\"pl-PL\">(160g) <strong>22z\u0142<\/strong><\/span><\/p>\n<p class=\"western\" lang=\"zxx\"><span lang=\"pl-PL\">4. nutella, banan <\/span><span lang=\"pl-PL\">(200g)<strong> 27<\/strong><\/span><strong><span lang=\"pl-PL\">z\u0142<\/span><\/strong><\/p>\n<p class=\"western\" lang=\"zxx\"><span lang=\"pl-PL\">5. banan, syrop klonowy <\/span><span lang=\"pl-PL\">(200g) <\/span><strong><span lang=\"pl-PL\">27z\u0142<\/span><\/strong><\/p>\n<p class=\"western\" lang=\"zxx\"><span lang=\"pl-PL\">6. oreo, ser mascarpone, mus owocowy, bita \u015bmietana <\/span><span lang=\"pl-PL\">(300g)<strong> 32<\/strong><\/span><strong><span lang=\"pl-PL\">z\u0142<\/span><\/strong><\/p>\n<p class=\"western\" lang=\"zxx\"><span lang=\"pl-PL\">7. beza, ser mascarpone, mus owocowy, bita \u015bmietana <\/span><span lang=\"pl-PL\">(300g) <strong>32<\/strong><\/span><span lang=\"pl-PL\"><strong>z\u0142<\/strong><br \/>\n<\/span><\/p>\n<p lang=\"zxx\">8. owoce, bita \u015bmietana (200g) <strong>27z\u0142<\/strong><\/p>\n<p lang=\"zxx\"><span lang=\"pl-PL\">9. ser waniliowy (150g) <strong>22z\u0142<\/strong><\/span><\/p>\n<p lang=\"zxx\"><span lang=\"pl-PL\">10. ser waniliowy, owoce (180g) <strong>27z\u0142<\/strong><\/span><\/p>\n<p lang=\"zxx\"><span lang=\"pl-PL\">12. mus jab\u0142kowy, toffi (180g)<strong> 22z\u0142<\/strong><\/span><\/p>\n<p lang=\"zxx\">\n<p class=\"western\" align=\"center\"><strong>Nale\u015bniki wytrawne<\/strong><\/p>\n<p class=\"western\" lang=\"zxx\"><span lang=\"pl-PL\">1. ser \u017c\u00f3\u0142ty, sos pomidorowy <\/span><span lang=\"pl-PL\">(250g) <strong>16z\u0142<\/strong><\/span><\/p>\n<p class=\"western\" lang=\"zxx\"><span lang=\"pl-PL\">2. ser \u017c\u00f3\u0142ty, szynka, pieczarki <\/span><span lang=\"pl-PL\">(300g) <strong>26<\/strong><\/span><strong><span lang=\"pl-PL\">z<\/span><span lang=\"pl-PL\">\u0142<\/span><\/strong><\/p>\n<p class=\"western\" lang=\"zxx\"><span lang=\"pl-PL\">3. ser camembert, konfitura z \u017curawiny<\/span><span lang=\"pl-PL\"> (300g) <strong>32<\/strong><\/span><strong><span lang=\"pl-PL\">z\u0142<\/span><\/strong><\/p>\n<p class=\"western\" lang=\"zxx\"><span lang=\"pl-PL\">4. szarpana wieprzowina, ser \u017c\u00f3\u0142ty, czerwona cebula, sos <\/span><span lang=\"pl-PL\">(350g)<strong>\u00a036<\/strong><\/span><strong><span lang=\"pl-PL\">z\u0142<\/span><\/strong><\/p>\n<p class=\"western\" lang=\"zxx\"><span lang=\"pl-PL\">5. rukola, szynka w\u0119dzona, ser sa\u0142atkowy, oliwki, sos <\/span><span lang=\"pl-PL\">(300g) <\/span><strong><span lang=\"pl-PL\">36z\u0142<\/span><\/strong><\/p>\n<p class=\"western\" lang=\"zxx\"><span lang=\"pl-PL\">6. rukola, suszone pomidory, ser sa\u0142atkowy, oliwki, sos <\/span><span lang=\"pl-PL\">(300g) <\/span><strong><span lang=\"pl-PL\">36z\u0142<\/span><\/strong><\/p>\n<p class=\"western\" lang=\"zxx\" align=\"center\"><span lang=\"pl-PL\"><br \/>\n<\/span><span lang=\"pl-PL\">Sosy do wyboru: pomidorowy, czosnkowy. Dodatkowy sos 2z\u0142<\/span><\/p>\n<p lang=\"zxx\" align=\"center\">Nale\u015bniki podawane s\u0105 z sa\u0142at\u0105 sezonow\u0105.<\/p>\n<p class=\"western\" lang=\"zxx\" align=\"center\"><strong>Gofry<\/strong><\/p>\n<p class=\"western\" align=\"left\">suchy<strong>\u00a010z\u0142<\/strong><br \/>\n+ cukier puder <strong>1z\u0142<\/strong><br \/>\n+polewa (toffi, truskawka, malina, czekolada) <strong>1z\u0142<\/strong><br \/>\n+bita \u015bmietana<strong>\u00a04z\u0142<\/strong><br \/>\n+owoce\u00a0<strong>4z\u0142<br \/>\n<\/strong>+mus jab\u0142kowy<strong>\u00a04z\u0142<br \/>\n+<\/strong>nutella\u00a0<strong>4z\u0142<\/strong><\/p>\n<p class=\"western\" lang=\"zxx\" align=\"center\"><strong><span lang=\"pl-PL\">Napoje<\/span> <span lang=\"pl-PL\">naszej produkcji<\/span><\/strong><\/p>\n<p class=\"western\" align=\"left\">1. lemoniada cytrusowa 1l\/500ml &#8211;<strong> 18z\u0142\/12z\u0142<\/strong><\/p>\n<p class=\"western\" align=\"left\">2. nap\u00f3j arbuzowy 1l\/500ml &#8211;<strong> 18z\u0142\/12z\u0142<\/strong><\/p>\n<p class=\"western\" align=\"left\">\n<p class=\"western\" lang=\"zxx\" align=\"center\"><strong><span lang=\"pl-PL\">Napoje<\/span> <span lang=\"pl-PL\">ciep\u0142e<\/span><\/strong><\/p>\n<p class=\"western\" align=\"left\">1. kawa czarna (150ml)<strong>\u00a010z\u0142<\/strong><\/p>\n<p class=\"western\" align=\"left\">2. kawa bia\u0142a (150ml) <strong>11z\u0142<\/strong><\/p>\n<p class=\"western\" align=\"left\">3. cappuccino (150ml) <strong>11z\u0142<\/strong><\/p>\n<p class=\"western\" align=\"left\">4. latte macchiato (200ml) <strong>13z\u0142<\/strong><\/p>\n<p class=\"western\" align=\"left\">5. espresso (40ml) <strong>8<\/strong><strong>z\u0142<\/strong><\/p>\n<p class=\"western\" align=\"left\">6. herbata (200ml\/350ml) <strong>6\/7z\u0142<\/strong><\/p>\n<p align=\"left\">7. gor\u0105ca czekolada (200ml) <strong>12z\u0142<\/strong><\/p>\n<p align=\"left\">*opakowanie na wynos +1z\u0142<\/p>\n<p style=\"text-align: center;\" align=\"left\">Zam\u00f3wienia sk\u0142adamy przy barze w Sali.<br \/>\nP\u0142atno\u015b\u0107 tylko got\u00f3wk\u0105 lub przelewem BLIK na telefon.<\/p>\n<\/div>\n<\/header>\n","protected":false},"excerpt":{"rendered":"<p>Zapraszamy codziennie na pyszne i \u015bwie\u017ce nale\u015bniki! W naszym menu ka\u017cdy znajdzie co\u015b dla siebie, proponujemy nie tylko nale\u015bniki s\u0142odkie, ale te\u017c wytrawne w r\u00f3\u017cnych ods\u0142onach. Na obiad do nas mo\u017cna oczywi\u015bcie przyj\u015b\u0107 z dzie\u0107mi[&#8230;]<\/p>\n","protected":false},"author":1,"featured_media":0,"parent":0,"menu_order":0,"comment_status":"closed","ping_status":"closed","template":"","meta":{"footnotes":""},"class_list":["post-246","page","type-page","status-publish","hentry"],"aioseo_notices":[],"_links":{"self":[{"href":"https:\/\/smocza-kraina.pl\/index.php?rest_route=\/wp\/v2\/pages\/246","targetHints":{"allow":["GET"]}}],"collection":[{"href":"https:\/\/smocza-kraina.pl\/index.php?rest_route=\/wp\/v2\/pages"}],"about":[{"href":"https:\/\/smocza-kraina.pl\/index.php?rest_route=\/wp\/v2\/types\/page"}],"author":[{"embeddable":true,"href":"https:\/\/smocza-kraina.pl\/index.php?rest_route=\/wp\/v2\/users\/1"}],"replies":[{"embeddable":true,"href":"https:\/\/smocza-kraina.pl\/index.php?rest_route=%2Fwp%2Fv2%2Fcomments&post=246"}],"version-history":[{"count":13,"href":"https:\/\/smocza-kraina.pl\/index.php?rest_route=\/wp\/v2\/pages\/246\/revisions"}],"predecessor-version":[{"id":595,"href":"https:\/\/smocza-kraina.pl\/index.php?rest_route=\/wp\/v2\/pages\/246\/revisions\/595"}],"wp:attachment":[{"href":"https:\/\/smocza-kraina.pl\/index.php?rest_route=%2Fwp%2Fv2%2Fmedia&parent=246"}],"curies":[{"name":"wp","href":"https:\/\/api.w.org\/{rel}","templated":true}]}}